{"id":248,"date":"2026-01-24T18:55:29","date_gmt":"2026-01-24T18:55:29","guid":{"rendered":"https:\/\/www.rokambi.com\/?page_id=248"},"modified":"2026-01-24T18:58:23","modified_gmt":"2026-01-24T18:58:23","slug":"politica-de-privacidad","status":"publish","type":"page","link":"https:\/\/www.rokambi.com\/index.php\/politica-de-privacidad\/","title":{"rendered":"Politica de privacidad"},"content":{"rendered":"\t\t<div data-elementor-type=\"wp-page\" data-elementor-id=\"248\" class=\"elementor elementor-248\" data-elementor-post-type=\"page\">\n\t\t\t\t<div class=\"elementor-element elementor-element-413daadb e-flex e-con-boxed e-con e-parent\" data-id=\"413daadb\" data-element_type=\"container\" data-e-type=\"container\">\n\t\t\t\t\t<div class=\"e-con-inner\">\n\t\t<div class=\"elementor-element elementor-element-d63d5a1 e-con-full e-flex e-con e-child\" data-id=\"d63d5a1\" data-element_type=\"container\" data-e-type=\"container\">\n\t\t\t\t<div class=\"elementor-element elementor-element-bf6a027 elementor-widget elementor-widget-heading\" data-id=\"bf6a027\" data-element_type=\"widget\" data-e-type=\"widget\" data-widget_type=\"heading.default\">\n\t\t\t\t\t<h1 class=\"elementor-heading-title elementor-size-default\">pol\u00edtica de privacidad <\/h1>\t\t\t\t<\/div>\n\t\t\t\t<div class=\"elementor-element elementor-element-8e2fedd elementor-widget elementor-widget-text-editor\" data-id=\"8e2fedd\" data-element_type=\"widget\" data-e-type=\"widget\" data-widget_type=\"text-editor.default\">\n\t\t\t\t\t\t\t\t\t<p data-start=\"222\" data-end=\"250\"><strong data-start=\"222\" data-end=\"248\">POL\u00cdTICA DE PRIVACIDAD<\/strong><\/p><p data-start=\"252\" data-end=\"509\">El Titular le informa sobre su Pol\u00edtica de Privacidad respecto del tratamiento y protecci\u00f3n de los datos de car\u00e1cter personal de los usuarios que puedan ser recabados durante la navegaci\u00f3n a trav\u00e9s del Sitio Web: <a class=\"decorated-link\" href=\"https:\/\/rokambi.com\" target=\"_new\" rel=\"noopener\" data-start=\"465\" data-end=\"507\">https:\/\/rokambi.com<\/a><\/p><p data-start=\"511\" data-end=\"938\">En este sentido, el Titular garantiza el cumplimiento de la normativa vigente en materia de protecci\u00f3n de datos personales, reflejada en la Ley Org\u00e1nica 3\/2018, de 5 de diciembre, de Protecci\u00f3n de Datos Personales y de Garant\u00eda de Derechos Digitales (LOPD GDD). Cumple tambi\u00e9n con el Reglamento (UE) 2016\/679 del Parlamento Europeo y del Consejo de 27 de abril de 2016 relativo a la protecci\u00f3n de las personas f\u00edsicas (RGPD).<\/p><p data-start=\"940\" data-end=\"1016\">El uso del sitio Web implica la aceptaci\u00f3n de esta Pol\u00edtica de Privacidad.<\/p><hr data-start=\"1018\" data-end=\"1021\" \/><p data-start=\"1023\" data-end=\"1057\"><strong data-start=\"1023\" data-end=\"1055\">1. IDENTIDAD DEL RESPONSABLE<\/strong><\/p><ul data-start=\"1059\" data-end=\"1307\"><li data-start=\"1059\" data-end=\"1088\"><p data-start=\"1061\" data-end=\"1088\"><strong data-start=\"1061\" data-end=\"1077\">Responsable:<\/strong> Rokambi.<\/p><\/li><li data-start=\"1089\" data-end=\"1160\"><p data-start=\"1091\" data-end=\"1160\"><strong data-start=\"1091\" data-end=\"1105\">Domicilio:<\/strong> C. Arturo Barea, 9, 06011 Badajoz, Badajoz \u2013 Espa\u00f1a.<\/p><\/li><li data-start=\"1161\" data-end=\"1205\"><p data-start=\"1163\" data-end=\"1205\"><strong data-start=\"1163\" data-end=\"1186\">Correo electr\u00f3nico:<\/strong> <a class=\"decorated-link cursor-pointer\" rel=\"noopener\" data-start=\"1187\" data-end=\"1203\">info@rokambi.com<\/a><\/p><\/li><li data-start=\"1206\" data-end=\"1245\"><p data-start=\"1208\" data-end=\"1245\"><strong data-start=\"1208\" data-end=\"1233\">Tel\u00e9fono de contacto:<\/strong> 663094842<\/p><\/li><li data-start=\"1246\" data-end=\"1307\"><p data-start=\"1248\" data-end=\"1307\"><strong data-start=\"1248\" data-end=\"1262\">Sitio Web:<\/strong> <a class=\"decorated-link\" href=\"https:\/\/rokambi.com\" target=\"_new\" rel=\"noopener\" data-start=\"1263\" data-end=\"1305\">https:\/\/rokambi.com<\/a><\/p><\/li><\/ul><hr data-start=\"1309\" data-end=\"1312\" \/><p data-start=\"1314\" data-end=\"1370\"><strong data-start=\"1314\" data-end=\"1368\">2. PRINCIPIOS APLICADOS EN EL TRATAMIENTO DE DATOS<\/strong><\/p><p data-start=\"1372\" data-end=\"1504\">En el tratamiento de sus datos personales, el Titular aplicar\u00e1 los siguientes principios que se ajustan a las exigencias del RGPD:<\/p><ul data-start=\"1506\" data-end=\"2503\"><li data-start=\"1506\" data-end=\"1767\"><p data-start=\"1508\" data-end=\"1767\"><strong data-start=\"1508\" data-end=\"1558\">Principio de licitud, lealtad y transparencia:<\/strong><br data-start=\"1558\" data-end=\"1561\" \/>El Titular siempre requerir\u00e1 el consentimiento para el tratamiento de los datos personales, para uno o varios fines espec\u00edficos sobre los que informar\u00e1 al Usuario previamente con absoluta transparencia.<\/p><\/li><li data-start=\"1769\" data-end=\"1920\"><p data-start=\"1771\" data-end=\"1920\"><strong data-start=\"1771\" data-end=\"1810\">Principio de minimizaci\u00f3n de datos:<\/strong><br data-start=\"1810\" data-end=\"1813\" \/>El Titular solicitar\u00e1 solo los datos estrictamente necesarios para el fin o los fines que los solicita.<\/p><\/li><li data-start=\"1922\" data-end=\"2215\"><p data-start=\"1924\" data-end=\"2215\"><strong data-start=\"1924\" data-end=\"1978\">Principio de limitaci\u00f3n del plazo de conservaci\u00f3n:<\/strong><br data-start=\"1978\" data-end=\"1981\" \/>El Titular mantendr\u00e1 los datos personales recabados durante el tiempo estrictamente necesario para la finalidad correspondiente. En caso de suscripciones, se revisar\u00e1n peri\u00f3dicamente las listas y se eliminar\u00e1n registros inactivos.<\/p><\/li><li data-start=\"2217\" data-end=\"2503\"><p data-start=\"2219\" data-end=\"2503\"><strong data-start=\"2219\" data-end=\"2266\">Principio de integridad y confidencialidad:<\/strong><br data-start=\"2266\" data-end=\"2269\" \/>Los datos personales recabados ser\u00e1n tratados de manera que su seguridad, confidencialidad e integridad est\u00e9n garantizadas. El Titular toma precauciones para evitar el acceso no autorizado o uso indebido de los datos por terceros.<\/p><\/li><\/ul><hr data-start=\"2505\" data-end=\"2508\" \/><p data-start=\"2510\" data-end=\"2548\"><strong data-start=\"2510\" data-end=\"2546\">3. OBTENCI\u00d3N DE DATOS PERSONALES<\/strong><\/p><p data-start=\"2550\" data-end=\"2632\">Para navegar por el sitio Web no es necesario que facilite ning\u00fan dato personal.<\/p><p data-start=\"2634\" data-end=\"2718\">Los casos en los que usted s\u00ed proporciona sus datos personales son los siguientes:<\/p><ul data-start=\"2720\" data-end=\"2984\"><li data-start=\"2720\" data-end=\"2808\"><p data-start=\"2722\" data-end=\"2808\">Al contactar a trav\u00e9s de los formularios de contacto o enviar un correo electr\u00f3nico.<\/p><\/li><li data-start=\"2809\" data-end=\"2863\"><p data-start=\"2811\" data-end=\"2863\">Al realizar un comentario en un art\u00edculo o p\u00e1gina.<\/p><\/li><li data-start=\"2864\" data-end=\"2984\"><p data-start=\"2866\" data-end=\"2984\">Al inscribirse en un formulario de suscripci\u00f3n o un bolet\u00edn que el Titular gestiona con ActiveCampaign o MailerLite.<\/p><\/li><\/ul><hr data-start=\"2986\" data-end=\"2989\" \/><p data-start=\"2991\" data-end=\"3008\"><strong data-start=\"2991\" data-end=\"3006\">4. DERECHOS<\/strong><\/p><p data-start=\"3010\" data-end=\"3081\">El Titular le informa que sobre sus datos personales tiene derecho a:<\/p><ul data-start=\"3083\" data-end=\"3251\"><li data-start=\"3083\" data-end=\"3131\"><p data-start=\"3085\" data-end=\"3131\">Solicitar el acceso a los datos almacenados.<\/p><\/li><li data-start=\"3132\" data-end=\"3175\"><p data-start=\"3134\" data-end=\"3175\">Solicitar la rectificaci\u00f3n o supresi\u00f3n.<\/p><\/li><li data-start=\"3176\" data-end=\"3222\"><p data-start=\"3178\" data-end=\"3222\">Solicitar la limitaci\u00f3n de su tratamiento.<\/p><\/li><li data-start=\"3223\" data-end=\"3251\"><p data-start=\"3225\" data-end=\"3251\">Oponerse al tratamiento.<\/p><\/li><\/ul><p data-start=\"3253\" data-end=\"3316\">No puede ejercitar el derecho a la portabilidad de los datos.<\/p><p data-start=\"3318\" data-end=\"3528\">El ejercicio de estos derechos debe realizarlo directamente el interesado enviando su petici\u00f3n junto con una fotocopia del Documento Nacional de Identidad o equivalente al correo electr\u00f3nico: <a class=\"decorated-link cursor-pointer\" rel=\"noopener\" data-start=\"3510\" data-end=\"3526\">info@rokambi.com<\/a><\/p><p data-start=\"3530\" data-end=\"3652\">Estos derechos no incluyen datos que el Titular deba conservar por obligaciones legales, administrativas o de seguridad.<\/p><p data-start=\"3654\" data-end=\"3808\">Tiene derecho a presentar una reclamaci\u00f3n ante la Agencia Espa\u00f1ola de Protecci\u00f3n de Datos si considera que el tratamiento de sus datos infringe el RGPD.<\/p><hr data-start=\"3810\" data-end=\"3813\" \/><p data-start=\"3815\" data-end=\"3869\"><strong data-start=\"3815\" data-end=\"3867\">5. FINALIDAD DEL TRATAMIENTO DE DATOS PERSONALES<\/strong><\/p><p data-start=\"3871\" data-end=\"4188\">Cuando usted se conecta al Sitio Web para mandar un correo al Titular, escribir un comentario o suscribirse a un bolet\u00edn, est\u00e1 facilitando informaci\u00f3n de car\u00e1cter personal. Esta informaci\u00f3n puede incluir: direcci\u00f3n IP, nombre y apellidos, direcci\u00f3n f\u00edsica, correo electr\u00f3nico, tel\u00e9fono y otra informaci\u00f3n relevante.<\/p><p data-start=\"4190\" data-end=\"4276\">Los datos personales y la finalidad del tratamiento dependen del sistema de captura:<\/p><ul data-start=\"4278\" data-end=\"4794\"><li data-start=\"4278\" data-end=\"4391\"><p data-start=\"4280\" data-end=\"4391\"><strong data-start=\"4280\" data-end=\"4308\">Formularios de contacto:<\/strong> nombre, apellidos, correo electr\u00f3nico, tel\u00e9fono y web, para responder consultas.<\/p><\/li><li data-start=\"4392\" data-end=\"4500\"><p data-start=\"4394\" data-end=\"4500\"><strong data-start=\"4394\" data-end=\"4425\">Formularios de comentarios:<\/strong> nombre, apellidos, correo electr\u00f3nico y web, para responder comentarios.<\/p><\/li><li data-start=\"4501\" data-end=\"4794\"><p data-start=\"4503\" data-end=\"4794\"><strong data-start=\"4503\" data-end=\"4547\">Formularios de suscripci\u00f3n a contenidos:<\/strong> nombre, apellidos, correo electr\u00f3nico, tel\u00e9fono y web, para enviar boletines, promociones y ofertas especiales.<br data-start=\"4659\" data-end=\"4662\" \/>Los datos estar\u00e1n ubicados en servidores de <strong data-start=\"4708\" data-end=\"4741\">ActiveCampaign, LLC (EE.\u202fUU.)<\/strong> o <strong data-start=\"4744\" data-end=\"4773\">UAB MailerLite (Lituania)<\/strong> seg\u00fan corresponda.<\/p><\/li><\/ul><hr data-start=\"4796\" data-end=\"4799\" \/><p data-start=\"4801\" data-end=\"4843\"><strong data-start=\"4801\" data-end=\"4841\">6. SEGURIDAD DE LOS DATOS PERSONALES<\/strong><\/p><p data-start=\"4845\" data-end=\"4996\">El Titular sigue las mejores pr\u00e1cticas de la industria para evitar p\u00e9rdida, mal uso, acceso indebido, divulgaci\u00f3n, alteraci\u00f3n o destrucci\u00f3n de datos.<\/p><p data-start=\"4998\" data-end=\"5123\">El sitio Web est\u00e1 alojado en: <strong data-start=\"5028\" data-end=\"5047\">Raiola Networks<\/strong>, que garantiza la seguridad de los datos seg\u00fan su pol\u00edtica de privacidad.<\/p><p data-start=\"5125\" data-end=\"5248\">Los datos no se ceder\u00e1n a terceros salvo obligaci\u00f3n legal o necesidad contractual con consentimiento expreso del Usuario.<\/p><hr data-start=\"5250\" data-end=\"5253\" \/><p data-start=\"5255\" data-end=\"5293\"><strong data-start=\"5255\" data-end=\"5291\">7. CONTENIDO DE OTROS SITIOS WEB<\/strong><\/p><p data-start=\"5295\" data-end=\"5454\">El Sitio Web puede incluir contenido incrustado (v\u00eddeos, im\u00e1genes, art\u00edculos). Dicho contenido se comporta igual que si visitara la web externa directamente.<\/p><hr data-start=\"5456\" data-end=\"5459\" \/><p data-start=\"5461\" data-end=\"5489\"><strong data-start=\"5461\" data-end=\"5487\">8. POL\u00cdTICA DE COOKIES<\/strong><\/p><p data-start=\"5491\" data-end=\"5554\">El Sitio Web utiliza cookies para su correcto funcionamiento.<\/p><hr data-start=\"5556\" data-end=\"5559\" \/><p data-start=\"5561\" data-end=\"5611\"><strong data-start=\"5561\" data-end=\"5609\">9. LEGITIMACI\u00d3N PARA EL TRATAMIENTO DE DATOS<\/strong><\/p><p data-start=\"5613\" data-end=\"5698\">La base legal para el tratamiento de sus datos es el consentimiento del interesado.<\/p><hr data-start=\"5700\" data-end=\"5703\" \/><p data-start=\"5705\" data-end=\"5745\"><strong data-start=\"5705\" data-end=\"5743\">10. CATEGOR\u00cdAS DE DATOS PERSONALES<\/strong><\/p><ul data-start=\"5747\" data-end=\"5836\"><li data-start=\"5747\" data-end=\"5773\"><p data-start=\"5749\" data-end=\"5773\">Datos identificativos.<\/p><\/li><li data-start=\"5774\" data-end=\"5836\"><p data-start=\"5776\" data-end=\"5836\">No se tratan categor\u00edas de datos especialmente protegidos.<\/p><\/li><\/ul><hr data-start=\"5838\" data-end=\"5841\" \/><p data-start=\"5843\" data-end=\"5885\"><strong data-start=\"5843\" data-end=\"5883\">11. CONSERVACI\u00d3N DE DATOS PERSONALES<\/strong><\/p><p data-start=\"5887\" data-end=\"5972\">Los datos proporcionados se conservar\u00e1n hasta que el usuario solicite su supresi\u00f3n.<\/p><hr data-start=\"5974\" data-end=\"5977\" \/><p data-start=\"5979\" data-end=\"6003\"><strong data-start=\"5979\" data-end=\"6001\">12. NAVEGACI\u00d3N WEB<\/strong><\/p><p data-start=\"6005\" data-end=\"6157\">Se pueden recoger datos no identificativos: direcci\u00f3n IP, geolocalizaci\u00f3n, h\u00e1bitos de navegaci\u00f3n y otros datos que no permiten identificar al usuario.<\/p><hr data-start=\"6159\" data-end=\"6162\" \/><p data-start=\"6164\" data-end=\"6208\"><strong data-start=\"6164\" data-end=\"6206\">13. EXACTITUD Y VERACIDAD DE LOS DATOS<\/strong><\/p><p data-start=\"6210\" data-end=\"6318\">El usuario se compromete a que los datos proporcionados sean correctos, completos, exactos y actualizados.<\/p><hr data-start=\"6320\" data-end=\"6323\" \/><p data-start=\"6325\" data-end=\"6362\"><strong data-start=\"6325\" data-end=\"6360\">14. ACEPTACI\u00d3N Y CONSENTIMIENTO<\/strong><\/p><p data-start=\"6364\" data-end=\"6547\">Como Usuario declara haber sido informado sobre las condiciones de protecci\u00f3n de datos y acepta el tratamiento de los mismos por parte del Titular seg\u00fan esta Pol\u00edtica de Privacidad.<\/p><hr data-start=\"6549\" data-end=\"6552\" \/><p data-start=\"6554\" data-end=\"6600\"><strong data-start=\"6554\" data-end=\"6598\">15. CAMBIOS EN LA POL\u00cdTICA DE PRIVACIDAD<\/strong><\/p><p data-start=\"6602\" data-end=\"6764\">El Titular se reserva el derecho a modificar esta Pol\u00edtica de Privacidad para adaptarla a novedades legislativas, jurisprudenciales o pr\u00e1cticas de la industria.<\/p>\t\t\t\t\t\t\t\t<\/div>\n\t\t\t\t<\/div>\n\t\t\t\t\t<\/div>\n\t\t\t\t<\/div>\n\t\t<div class=\"elementor-element elementor-element-d99339a e-flex e-con-boxed e-con e-parent\" data-id=\"d99339a\" data-element_type=\"container\" data-e-type=\"container\">\n\t\t\t\t\t<div class=\"e-con-inner\">\n\t\t\t\t\t<\/div>\n\t\t\t\t<\/div>\n\t\t\t\t<\/div>\n\t\t","protected":false},"excerpt":{"rendered":"<p>pol\u00edtica de privacidad POL\u00cdTICA DE PRIVACIDAD El Titular le informa sobre su Pol\u00edtica de Privacidad respecto del tratamiento y protecci\u00f3n de los datos de car\u00e1cter personal de los usuarios que puedan ser recabados durante la navegaci\u00f3n a trav\u00e9s del Sitio Web: https:\/\/rokambi.com En este sentido, el Titular garantiza el cumplimiento de la normativa vigente en [&hellip;]<\/p>\n","protected":false},"author":1,"featured_media":0,"parent":0,"menu_order":0,"comment_status":"closed","ping_status":"closed","template":"elementor_header_footer","meta":{"footnotes":""},"class_list":["post-248","page","type-page","status-publish","hentry"],"yoast_head":"<!-- This site is optimized with the Yoast SEO plugin v27.2 - https:\/\/yoast.com\/product\/yoast-seo-wordpress\/ -->\n<title>Politica de privacidad - Rokambi<\/title>\n<meta name=\"robots\" content=\"index, follow, max-snippet:-1, max-image-preview:large, max-video-preview:-1\" \/>\n<link rel=\"canonical\" href=\"https:\/\/www.rokambi.com\/index.php\/politica-de-privacidad\/\" \/>\n<meta property=\"og:locale\" content=\"es_ES\" \/>\n<meta property=\"og:type\" content=\"article\" \/>\n<meta property=\"og:title\" content=\"Politica de privacidad - Rokambi\" \/>\n<meta property=\"og:description\" content=\"pol\u00edtica de privacidad POL\u00cdTICA DE PRIVACIDAD El Titular le informa sobre su Pol\u00edtica de Privacidad respecto del tratamiento y protecci\u00f3n de los datos de car\u00e1cter personal de los usuarios que puedan ser recabados durante la navegaci\u00f3n a trav\u00e9s del Sitio Web: https:\/\/rokambi.com En este sentido, el Titular garantiza el cumplimiento de la normativa vigente en [&hellip;]\" \/>\n<meta property=\"og:url\" content=\"https:\/\/www.rokambi.com\/index.php\/politica-de-privacidad\/\" \/>\n<meta property=\"og:site_name\" content=\"Rokambi\" \/>\n<meta property=\"article:modified_time\" content=\"2026-01-24T18:58:23+00:00\" \/>\n<meta property=\"og:image\" content=\"https:\/\/www.rokambi.com\/wp-content\/uploads\/2026\/01\/Contact-Us.jpg\" \/>\n\t<meta property=\"og:image:width\" content=\"400\" \/>\n\t<meta property=\"og:image:height\" content=\"380\" \/>\n\t<meta property=\"og:image:type\" content=\"image\/jpeg\" \/>\n<meta name=\"twitter:card\" content=\"summary_large_image\" \/>\n<meta name=\"twitter:label1\" content=\"Tiempo de lectura\" \/>\n\t<meta name=\"twitter:data1\" content=\"5 minutos\" \/>\n<script type=\"application\/ld+json\" class=\"yoast-schema-graph\">{\"@context\":\"https:\/\/schema.org\",\"@graph\":[{\"@type\":\"WebPage\",\"@id\":\"https:\/\/www.rokambi.com\/index.php\/politica-de-privacidad\/\",\"url\":\"https:\/\/www.rokambi.com\/index.php\/politica-de-privacidad\/\",\"name\":\"Politica de privacidad - Rokambi\",\"isPartOf\":{\"@id\":\"https:\/\/www.rokambi.com\/#website\"},\"datePublished\":\"2026-01-24T18:55:29+00:00\",\"dateModified\":\"2026-01-24T18:58:23+00:00\",\"breadcrumb\":{\"@id\":\"https:\/\/www.rokambi.com\/index.php\/politica-de-privacidad\/#breadcrumb\"},\"inLanguage\":\"es\",\"potentialAction\":[{\"@type\":\"ReadAction\",\"target\":[\"https:\/\/www.rokambi.com\/index.php\/politica-de-privacidad\/\"]}]},{\"@type\":\"BreadcrumbList\",\"@id\":\"https:\/\/www.rokambi.com\/index.php\/politica-de-privacidad\/#breadcrumb\",\"itemListElement\":[{\"@type\":\"ListItem\",\"position\":1,\"name\":\"Portada\",\"item\":\"https:\/\/www.rokambi.com\/\"},{\"@type\":\"ListItem\",\"position\":2,\"name\":\"Politica de privacidad\"}]},{\"@type\":\"WebSite\",\"@id\":\"https:\/\/www.rokambi.com\/#website\",\"url\":\"https:\/\/www.rokambi.com\/\",\"name\":\"Rokambi\",\"description\":\"Ayudamos a empresas a ahorrar entre 10 y 15 horas semanales de trabajo automatizando y ordenando todas las tareas repetitivas, sin cambiar la forma de trabajar ni requerir intervenci\u00f3n humana. Menos esfuerzo, m\u00e1s productividad.\",\"publisher\":{\"@id\":\"https:\/\/www.rokambi.com\/#organization\"},\"potentialAction\":[{\"@type\":\"SearchAction\",\"target\":{\"@type\":\"EntryPoint\",\"urlTemplate\":\"https:\/\/www.rokambi.com\/?s={search_term_string}\"},\"query-input\":{\"@type\":\"PropertyValueSpecification\",\"valueRequired\":true,\"valueName\":\"search_term_string\"}}],\"inLanguage\":\"es\"},{\"@type\":\"Organization\",\"@id\":\"https:\/\/www.rokambi.com\/#organization\",\"name\":\"Rokambi\",\"url\":\"https:\/\/www.rokambi.com\/\",\"logo\":{\"@type\":\"ImageObject\",\"inLanguage\":\"es\",\"@id\":\"https:\/\/www.rokambi.com\/#\/schema\/logo\/image\/\",\"url\":\"https:\/\/www.rokambi.com\/wp-content\/uploads\/2026\/01\/Rokambiletras-e1769267575117.png\",\"contentUrl\":\"https:\/\/www.rokambi.com\/wp-content\/uploads\/2026\/01\/Rokambiletras-e1769267575117.png\",\"width\":960,\"height\":292,\"caption\":\"Rokambi\"},\"image\":{\"@id\":\"https:\/\/www.rokambi.com\/#\/schema\/logo\/image\/\"}}]}<\/script>\n<!-- \/ Yoast SEO plugin. -->","yoast_head_json":{"title":"Politica de privacidad - Rokambi","robots":{"index":"index","follow":"follow","max-snippet":"max-snippet:-1","max-image-preview":"max-image-preview:large","max-video-preview":"max-video-preview:-1"},"canonical":"https:\/\/www.rokambi.com\/index.php\/politica-de-privacidad\/","og_locale":"es_ES","og_type":"article","og_title":"Politica de privacidad - Rokambi","og_description":"pol\u00edtica de privacidad POL\u00cdTICA DE PRIVACIDAD El Titular le informa sobre su Pol\u00edtica de Privacidad respecto del tratamiento y protecci\u00f3n de los datos de car\u00e1cter personal de los usuarios que puedan ser recabados durante la navegaci\u00f3n a trav\u00e9s del Sitio Web: https:\/\/rokambi.com En este sentido, el Titular garantiza el cumplimiento de la normativa vigente en [&hellip;]","og_url":"https:\/\/www.rokambi.com\/index.php\/politica-de-privacidad\/","og_site_name":"Rokambi","article_modified_time":"2026-01-24T18:58:23+00:00","og_image":[{"width":400,"height":380,"url":"https:\/\/www.rokambi.com\/wp-content\/uploads\/2026\/01\/Contact-Us.jpg","type":"image\/jpeg"}],"twitter_card":"summary_large_image","twitter_misc":{"Tiempo de lectura":"5 minutos"},"schema":{"@context":"https:\/\/schema.org","@graph":[{"@type":"WebPage","@id":"https:\/\/www.rokambi.com\/index.php\/politica-de-privacidad\/","url":"https:\/\/www.rokambi.com\/index.php\/politica-de-privacidad\/","name":"Politica de privacidad - Rokambi","isPartOf":{"@id":"https:\/\/www.rokambi.com\/#website"},"datePublished":"2026-01-24T18:55:29+00:00","dateModified":"2026-01-24T18:58:23+00:00","breadcrumb":{"@id":"https:\/\/www.rokambi.com\/index.php\/politica-de-privacidad\/#breadcrumb"},"inLanguage":"es","potentialAction":[{"@type":"ReadAction","target":["https:\/\/www.rokambi.com\/index.php\/politica-de-privacidad\/"]}]},{"@type":"BreadcrumbList","@id":"https:\/\/www.rokambi.com\/index.php\/politica-de-privacidad\/#breadcrumb","itemListElement":[{"@type":"ListItem","position":1,"name":"Portada","item":"https:\/\/www.rokambi.com\/"},{"@type":"ListItem","position":2,"name":"Politica de privacidad"}]},{"@type":"WebSite","@id":"https:\/\/www.rokambi.com\/#website","url":"https:\/\/www.rokambi.com\/","name":"Rokambi","description":"Ayudamos a empresas a ahorrar entre 10 y 15 horas semanales de trabajo automatizando y ordenando todas las tareas repetitivas, sin cambiar la forma de trabajar ni requerir intervenci\u00f3n humana. Menos esfuerzo, m\u00e1s productividad.","publisher":{"@id":"https:\/\/www.rokambi.com\/#organization"},"potentialAction":[{"@type":"SearchAction","target":{"@type":"EntryPoint","urlTemplate":"https:\/\/www.rokambi.com\/?s={search_term_string}"},"query-input":{"@type":"PropertyValueSpecification","valueRequired":true,"valueName":"search_term_string"}}],"inLanguage":"es"},{"@type":"Organization","@id":"https:\/\/www.rokambi.com\/#organization","name":"Rokambi","url":"https:\/\/www.rokambi.com\/","logo":{"@type":"ImageObject","inLanguage":"es","@id":"https:\/\/www.rokambi.com\/#\/schema\/logo\/image\/","url":"https:\/\/www.rokambi.com\/wp-content\/uploads\/2026\/01\/Rokambiletras-e1769267575117.png","contentUrl":"https:\/\/www.rokambi.com\/wp-content\/uploads\/2026\/01\/Rokambiletras-e1769267575117.png","width":960,"height":292,"caption":"Rokambi"},"image":{"@id":"https:\/\/www.rokambi.com\/#\/schema\/logo\/image\/"}}]}},"_links":{"self":[{"href":"https:\/\/www.rokambi.com\/index.php\/wp-json\/wp\/v2\/pages\/248","targetHints":{"allow":["GET"]}}],"collection":[{"href":"https:\/\/www.rokambi.com\/index.php\/wp-json\/wp\/v2\/pages"}],"about":[{"href":"https:\/\/www.rokambi.com\/index.php\/wp-json\/wp\/v2\/types\/page"}],"author":[{"embeddable":true,"href":"https:\/\/www.rokambi.com\/index.php\/wp-json\/wp\/v2\/users\/1"}],"replies":[{"embeddable":true,"href":"https:\/\/www.rokambi.com\/index.php\/wp-json\/wp\/v2\/comments?post=248"}],"version-history":[{"count":4,"href":"https:\/\/www.rokambi.com\/index.php\/wp-json\/wp\/v2\/pages\/248\/revisions"}],"predecessor-version":[{"id":253,"href":"https:\/\/www.rokambi.com\/index.php\/wp-json\/wp\/v2\/pages\/248\/revisions\/253"}],"wp:attachment":[{"href":"https:\/\/www.rokambi.com\/index.php\/wp-json\/wp\/v2\/media?parent=248"}],"curies":[{"name":"wp","href":"https:\/\/api.w.org\/{rel}","templated":true}]}}