{"id":237,"date":"2026-01-24T18:41:24","date_gmt":"2026-01-24T18:41:24","guid":{"rendered":"https:\/\/www.rokambi.com\/?page_id=237"},"modified":"2026-01-24T18:51:21","modified_gmt":"2026-01-24T18:51:21","slug":"aviso-legal","status":"publish","type":"page","link":"https:\/\/www.rokambi.com\/index.php\/aviso-legal\/","title":{"rendered":"Aviso Legal"},"content":{"rendered":"\t\t<div data-elementor-type=\"wp-page\" data-elementor-id=\"237\" class=\"elementor elementor-237\" data-elementor-post-type=\"page\">\n\t\t\t\t<div class=\"elementor-element elementor-element-413daadb e-flex e-con-boxed e-con e-parent\" data-id=\"413daadb\" data-element_type=\"container\" data-e-type=\"container\">\n\t\t\t\t\t<div class=\"e-con-inner\">\n\t\t<div class=\"elementor-element elementor-element-d63d5a1 e-con-full e-flex e-con e-child\" data-id=\"d63d5a1\" data-element_type=\"container\" data-e-type=\"container\">\n\t\t\t\t<div class=\"elementor-element elementor-element-bf6a027 elementor-widget elementor-widget-heading\" data-id=\"bf6a027\" data-element_type=\"widget\" data-e-type=\"widget\" data-widget_type=\"heading.default\">\n\t\t\t\t\t<h1 class=\"elementor-heading-title elementor-size-default\">AVISO LEGAL <\/h1>\t\t\t\t<\/div>\n\t\t\t\t<div class=\"elementor-element elementor-element-8e2fedd elementor-widget elementor-widget-text-editor\" data-id=\"8e2fedd\" data-element_type=\"widget\" data-e-type=\"widget\" data-widget_type=\"text-editor.default\">\n\t\t\t\t\t\t\t\t\t<p data-start=\"149\" data-end=\"166\"><strong data-start=\"149\" data-end=\"164\">AVISO LEGAL<\/strong><\/p><p data-start=\"168\" data-end=\"202\"><strong data-start=\"168\" data-end=\"200\">IDENTIFICACI\u00d3N Y TITULARIDAD<\/strong><\/p><p data-start=\"204\" data-end=\"385\">En cumplimiento del art\u00edculo 10 de la Ley 34\/2002, de 11 de julio, de Servicios de la Sociedad de la Informaci\u00f3n y Comercio Electr\u00f3nico, el Titular expone sus datos identificativos:<\/p><ul data-start=\"387\" data-end=\"608\"><li data-start=\"387\" data-end=\"412\"><p data-start=\"389\" data-end=\"412\"><strong data-start=\"389\" data-end=\"401\">Titular:<\/strong> Rokambi.<\/p><\/li><li data-start=\"413\" data-end=\"484\"><p data-start=\"415\" data-end=\"484\"><strong data-start=\"415\" data-end=\"429\">Domicilio:<\/strong> C. Arturo Barea, 9, 06011 Badajoz, Badajoz \u2013 Espa\u00f1a.<\/p><\/li><li data-start=\"485\" data-end=\"529\"><p data-start=\"487\" data-end=\"529\"><strong data-start=\"487\" data-end=\"510\">Correo electr\u00f3nico:<\/strong> <a class=\"decorated-link cursor-pointer\" rel=\"noopener\" data-start=\"511\" data-end=\"527\">info@rokambi.com<\/a><\/p><\/li><li data-start=\"530\" data-end=\"569\"><p data-start=\"532\" data-end=\"569\"><strong data-start=\"532\" data-end=\"557\">Tel\u00e9fono de contacto:<\/strong> 663094842<\/p><\/li><li data-start=\"570\" data-end=\"608\"><p data-start=\"572\" data-end=\"608\">Sitio Web: <a class=\"decorated-link\" href=\"https:\/\/rokambi.com\" target=\"_new\" rel=\"noopener\" data-start=\"587\" data-end=\"606\">https:\/\/www.rokambi.com<\/a><\/p><\/li><\/ul><hr data-start=\"610\" data-end=\"613\" \/><p data-start=\"615\" data-end=\"745\"><strong data-start=\"615\" data-end=\"631\">1. FINALIDAD<\/strong><br data-start=\"631\" data-end=\"634\" \/>La finalidad del Sitio Web es: Agencia de Inteligencia Artificial y Automatizaci\u00f3n de Procesos Empresariales.<\/p><hr data-start=\"747\" data-end=\"750\" \/><p data-start=\"752\" data-end=\"947\"><strong data-start=\"752\" data-end=\"777\">2. CONDICIONES DE USO<\/strong><br data-start=\"777\" data-end=\"780\" \/>La utilizaci\u00f3n del Sitio Web le otorga la condici\u00f3n de Usuario e implica la aceptaci\u00f3n completa de todas las cl\u00e1usulas y condiciones de uso incluidas en las p\u00e1ginas:<\/p><ul data-start=\"949\" data-end=\"991\"><li data-start=\"949\" data-end=\"964\"><p data-start=\"951\" data-end=\"964\">Aviso Legal<\/p><\/li><li data-start=\"965\" data-end=\"991\"><p data-start=\"967\" data-end=\"991\">Pol\u00edtica de Privacidad<\/p><\/li><\/ul><p data-start=\"993\" data-end=\"1111\">Si no estuviera conforme con todas y cada una de estas cl\u00e1usulas y condiciones, abst\u00e9ngase de utilizar el Sitio Web.<\/p><p data-start=\"1113\" data-end=\"1216\">El acceso al Sitio Web no supone, en modo alguno, el inicio de una relaci\u00f3n comercial con el Titular.<\/p><p data-start=\"1218\" data-end=\"1390\">A trav\u00e9s del Sitio Web, el Titular le facilita el acceso y la utilizaci\u00f3n de diversos contenidos que el Titular y\/o sus colaboradores han publicado por medio de Internet.<\/p><p data-start=\"1392\" data-end=\"1620\">El Titular se reserva el derecho de retirar todos aquellos comentarios que vulneren la legislaci\u00f3n vigente, sean lesivos para los derechos o intereses de terceros, o que, a su juicio, no resulten adecuados para su publicaci\u00f3n.<\/p><p data-start=\"1622\" data-end=\"1788\">El Titular no ser\u00e1 responsable de las opiniones vertidas por los usuarios a trav\u00e9s del sistema de comentarios, redes sociales u otras herramientas de participaci\u00f3n.<\/p><hr data-start=\"1790\" data-end=\"1793\" \/><p data-start=\"1795\" data-end=\"1986\"><strong data-start=\"1795\" data-end=\"1822\">3. MEDIDAS DE SEGURIDAD<\/strong><br data-start=\"1822\" data-end=\"1825\" \/>Los datos personales que facilite al Titular pueden ser almacenados en bases de datos automatizadas o no, cuya titularidad corresponde en exclusiva al Titular.<\/p><p data-start=\"1988\" data-end=\"2248\">El Titular pone todos los medios necesarios y toma las medidas de seguridad oportunas para evitar la presencia de elementos da\u00f1inos, pero no puede garantizar la inexistencia de virus u otros elementos que puedan alterar los sistemas inform\u00e1ticos del Usuario.<\/p><hr data-start=\"2250\" data-end=\"2253\" \/><p data-start=\"2255\" data-end=\"2417\"><strong data-start=\"2255\" data-end=\"2293\">4. TRATAMIENTO DE DATOS PERSONALES<\/strong><br data-start=\"2293\" data-end=\"2296\" \/>Puede consultar toda la informaci\u00f3n relativa al tratamiento de datos personales en la p\u00e1gina de Pol\u00edtica de Privacidad.<\/p><hr data-start=\"2419\" data-end=\"2422\" \/><p data-start=\"2424\" data-end=\"2658\"><strong data-start=\"2424\" data-end=\"2441\">5. CONTENIDOS<\/strong><br data-start=\"2441\" data-end=\"2444\" \/>El Titular ha obtenido la informaci\u00f3n, el contenido multimedia y los materiales incluidos en el Sitio Web de fuentes que considera fiables, pero no garantiza que la informaci\u00f3n sea exacta, completa o actualizada.<\/p><p data-start=\"2660\" data-end=\"2830\">Queda prohibido transmitir o enviar a trav\u00e9s del Sitio Web cualquier contenido ilegal, virus inform\u00e1ticos o mensajes que afecten los derechos del Titular o de terceros.<\/p><p data-start=\"2832\" data-end=\"2957\">El Titular se reserva el derecho a modificar, suspender, cancelar o restringir el contenido del Sitio Web sin previo aviso.<\/p><hr data-start=\"2959\" data-end=\"2962\" \/><p data-start=\"2964\" data-end=\"3243\"><strong data-start=\"2964\" data-end=\"2990\">6. POL\u00cdTICA DE COOKIES<\/strong><br data-start=\"2990\" data-end=\"2993\" \/>El Titular obtiene y conserva informaci\u00f3n an\u00f3nima sobre los visitantes del Sitio Web, como el dominio de su proveedor de acceso, la fecha y hora de acceso, la direcci\u00f3n de Internet de origen del enlace y el n\u00famero de visitantes diarios por secci\u00f3n.<\/p><hr data-start=\"3245\" data-end=\"3248\" \/><p data-start=\"3250\" data-end=\"3484\"><strong data-start=\"3250\" data-end=\"3283\">7. ENLACES A OTROS SITIOS WEB<\/strong><br data-start=\"3283\" data-end=\"3286\" \/>El Titular puede proporcionar acceso a sitios Web de terceros mediante enlaces. Dichos enlaces no implican recomendaci\u00f3n ni responsabilidad del Titular sobre el contenido de los sitios vinculados.<\/p><p data-start=\"3486\" data-end=\"3653\">Al acceder a un sitio web externo desde un enlace, deber\u00e1 leer la propia pol\u00edtica de privacidad de dicho sitio, que puede ser diferente de la del presente Sitio Web.<\/p><hr data-start=\"3655\" data-end=\"3658\" \/><p data-start=\"3660\" data-end=\"3742\"><strong data-start=\"3660\" data-end=\"3701\">8. PROPIEDAD INTELECTUAL E INDUSTRIAL<\/strong><br data-start=\"3701\" data-end=\"3704\" \/>Todos los derechos est\u00e1n reservados.<\/p><p data-start=\"3744\" data-end=\"3924\">Se proh\u00edbe expresamente la reproducci\u00f3n, almacenaje permanente, difusi\u00f3n o cualquier uso con finalidad p\u00fablica o comercial sin el consentimiento previo y por escrito del Titular.<\/p><hr data-start=\"3926\" data-end=\"3929\" \/><p data-start=\"3931\" data-end=\"4068\"><strong data-start=\"3931\" data-end=\"3967\">9. LIMITACI\u00d3N DE RESPONSABILIDAD<\/strong><br data-start=\"3967\" data-end=\"3970\" \/>El Titular no garantiza que los servicios o contenidos est\u00e9n libres de errores o interrupciones.<\/p><p data-start=\"4070\" data-end=\"4230\">El Titular no ser\u00e1 responsable por ca\u00eddas de la red, suspensiones del servicio o cualquier otro da\u00f1o indirecto causado por circunstancias ajenas a su control.<\/p><p data-start=\"4232\" data-end=\"4359\">Antes de tomar decisiones basadas en la informaci\u00f3n del Sitio Web, se recomienda contrastar la informaci\u00f3n con otras fuentes.<\/p><hr data-start=\"4361\" data-end=\"4364\" \/><p data-start=\"4366\" data-end=\"4457\"><strong data-start=\"4366\" data-end=\"4386\">10. JURISDICCI\u00d3N<\/strong><br data-start=\"4386\" data-end=\"4389\" \/>Este Aviso Legal se rige \u00edntegramente por la legislaci\u00f3n espa\u00f1ola.<\/p><p data-start=\"4459\" data-end=\"4701\">Para cualquier controversia sobre la interpretaci\u00f3n o aplicaci\u00f3n de este Aviso Legal, las partes acuerdan someterse a los Jueces y Tribunales de la provincia de Badajoz, renunciando a cualquier otra jurisdicci\u00f3n que pudiera corresponderles.<\/p><hr data-start=\"4703\" data-end=\"4706\" \/><p data-start=\"4708\" data-end=\"4884\"><strong data-start=\"4708\" data-end=\"4724\">11. CONTACTO<\/strong><br data-start=\"4724\" data-end=\"4727\" \/>Si tiene cualquier duda sobre este Aviso Legal o desea realizar alg\u00fan comentario sobre el Sitio Web, puede enviar un correo electr\u00f3nico a: <a class=\"decorated-link cursor-pointer\" rel=\"noopener\" data-start=\"4866\" data-end=\"4882\">info@rokambi.com<\/a><\/p>\t\t\t\t\t\t\t\t<\/div>\n\t\t\t\t<\/div>\n\t\t\t\t\t<\/div>\n\t\t\t\t<\/div>\n\t\t<div class=\"elementor-element elementor-element-d99339a e-flex e-con-boxed e-con e-parent\" data-id=\"d99339a\" data-element_type=\"container\" data-e-type=\"container\">\n\t\t\t\t\t<div class=\"e-con-inner\">\n\t\t\t\t\t<\/div>\n\t\t\t\t<\/div>\n\t\t\t\t<\/div>\n\t\t","protected":false},"excerpt":{"rendered":"<p>AVISO LEGAL AVISO LEGAL IDENTIFICACI\u00d3N Y TITULARIDAD En cumplimiento del art\u00edculo 10 de la Ley 34\/2002, de 11 de julio, de Servicios de la Sociedad de la Informaci\u00f3n y Comercio Electr\u00f3nico, el Titular expone sus datos identificativos: Titular: Rokambi. Domicilio: C. Arturo Barea, 9, 06011 Badajoz, Badajoz \u2013 Espa\u00f1a. Correo electr\u00f3nico: info@rokambi.com Tel\u00e9fono de contacto: [&hellip;]<\/p>\n","protected":false},"author":1,"featured_media":0,"parent":0,"menu_order":0,"comment_status":"closed","ping_status":"closed","template":"elementor_header_footer","meta":{"footnotes":""},"class_list":["post-237","page","type-page","status-publish","hentry"],"yoast_head":"<!-- This site is optimized with the Yoast SEO plugin v27.2 - https:\/\/yoast.com\/product\/yoast-seo-wordpress\/ -->\n<title>Aviso Legal - Rokambi<\/title>\n<meta name=\"robots\" content=\"index, follow, max-snippet:-1, max-image-preview:large, max-video-preview:-1\" \/>\n<link rel=\"canonical\" href=\"https:\/\/www.rokambi.com\/index.php\/aviso-legal\/\" \/>\n<meta property=\"og:locale\" content=\"es_ES\" \/>\n<meta property=\"og:type\" content=\"article\" \/>\n<meta property=\"og:title\" content=\"Aviso Legal - Rokambi\" \/>\n<meta property=\"og:description\" content=\"AVISO LEGAL AVISO LEGAL IDENTIFICACI\u00d3N Y TITULARIDAD En cumplimiento del art\u00edculo 10 de la Ley 34\/2002, de 11 de julio, de Servicios de la Sociedad de la Informaci\u00f3n y Comercio Electr\u00f3nico, el Titular expone sus datos identificativos: Titular: Rokambi. Domicilio: C. Arturo Barea, 9, 06011 Badajoz, Badajoz \u2013 Espa\u00f1a. Correo electr\u00f3nico: info@rokambi.com Tel\u00e9fono de contacto: [&hellip;]\" \/>\n<meta property=\"og:url\" content=\"https:\/\/www.rokambi.com\/index.php\/aviso-legal\/\" \/>\n<meta property=\"og:site_name\" content=\"Rokambi\" \/>\n<meta property=\"article:modified_time\" content=\"2026-01-24T18:51:21+00:00\" \/>\n<meta property=\"og:image\" content=\"https:\/\/www.rokambi.com\/wp-content\/uploads\/2026\/01\/Contact-Us.jpg\" \/>\n\t<meta property=\"og:image:width\" content=\"400\" \/>\n\t<meta property=\"og:image:height\" content=\"380\" \/>\n\t<meta property=\"og:image:type\" content=\"image\/jpeg\" \/>\n<meta name=\"twitter:card\" content=\"summary_large_image\" \/>\n<meta name=\"twitter:label1\" content=\"Tiempo de lectura\" \/>\n\t<meta name=\"twitter:data1\" content=\"4 minutos\" \/>\n<script type=\"application\/ld+json\" class=\"yoast-schema-graph\">{\"@context\":\"https:\/\/schema.org\",\"@graph\":[{\"@type\":\"WebPage\",\"@id\":\"https:\/\/www.rokambi.com\/index.php\/aviso-legal\/\",\"url\":\"https:\/\/www.rokambi.com\/index.php\/aviso-legal\/\",\"name\":\"Aviso Legal - Rokambi\",\"isPartOf\":{\"@id\":\"https:\/\/www.rokambi.com\/#website\"},\"datePublished\":\"2026-01-24T18:41:24+00:00\",\"dateModified\":\"2026-01-24T18:51:21+00:00\",\"breadcrumb\":{\"@id\":\"https:\/\/www.rokambi.com\/index.php\/aviso-legal\/#breadcrumb\"},\"inLanguage\":\"es\",\"potentialAction\":[{\"@type\":\"ReadAction\",\"target\":[\"https:\/\/www.rokambi.com\/index.php\/aviso-legal\/\"]}]},{\"@type\":\"BreadcrumbList\",\"@id\":\"https:\/\/www.rokambi.com\/index.php\/aviso-legal\/#breadcrumb\",\"itemListElement\":[{\"@type\":\"ListItem\",\"position\":1,\"name\":\"Portada\",\"item\":\"https:\/\/www.rokambi.com\/\"},{\"@type\":\"ListItem\",\"position\":2,\"name\":\"Aviso Legal\"}]},{\"@type\":\"WebSite\",\"@id\":\"https:\/\/www.rokambi.com\/#website\",\"url\":\"https:\/\/www.rokambi.com\/\",\"name\":\"Rokambi\",\"description\":\"Ayudamos a empresas a ahorrar entre 10 y 15 horas semanales de trabajo automatizando y ordenando todas las tareas repetitivas, sin cambiar la forma de trabajar ni requerir intervenci\u00f3n humana. Menos esfuerzo, m\u00e1s productividad.\",\"publisher\":{\"@id\":\"https:\/\/www.rokambi.com\/#organization\"},\"potentialAction\":[{\"@type\":\"SearchAction\",\"target\":{\"@type\":\"EntryPoint\",\"urlTemplate\":\"https:\/\/www.rokambi.com\/?s={search_term_string}\"},\"query-input\":{\"@type\":\"PropertyValueSpecification\",\"valueRequired\":true,\"valueName\":\"search_term_string\"}}],\"inLanguage\":\"es\"},{\"@type\":\"Organization\",\"@id\":\"https:\/\/www.rokambi.com\/#organization\",\"name\":\"Rokambi\",\"url\":\"https:\/\/www.rokambi.com\/\",\"logo\":{\"@type\":\"ImageObject\",\"inLanguage\":\"es\",\"@id\":\"https:\/\/www.rokambi.com\/#\/schema\/logo\/image\/\",\"url\":\"https:\/\/www.rokambi.com\/wp-content\/uploads\/2026\/01\/Rokambiletras-e1769267575117.png\",\"contentUrl\":\"https:\/\/www.rokambi.com\/wp-content\/uploads\/2026\/01\/Rokambiletras-e1769267575117.png\",\"width\":960,\"height\":292,\"caption\":\"Rokambi\"},\"image\":{\"@id\":\"https:\/\/www.rokambi.com\/#\/schema\/logo\/image\/\"}}]}<\/script>\n<!-- \/ Yoast SEO plugin. -->","yoast_head_json":{"title":"Aviso Legal - Rokambi","robots":{"index":"index","follow":"follow","max-snippet":"max-snippet:-1","max-image-preview":"max-image-preview:large","max-video-preview":"max-video-preview:-1"},"canonical":"https:\/\/www.rokambi.com\/index.php\/aviso-legal\/","og_locale":"es_ES","og_type":"article","og_title":"Aviso Legal - Rokambi","og_description":"AVISO LEGAL AVISO LEGAL IDENTIFICACI\u00d3N Y TITULARIDAD En cumplimiento del art\u00edculo 10 de la Ley 34\/2002, de 11 de julio, de Servicios de la Sociedad de la Informaci\u00f3n y Comercio Electr\u00f3nico, el Titular expone sus datos identificativos: Titular: Rokambi. Domicilio: C. Arturo Barea, 9, 06011 Badajoz, Badajoz \u2013 Espa\u00f1a. Correo electr\u00f3nico: info@rokambi.com Tel\u00e9fono de contacto: [&hellip;]","og_url":"https:\/\/www.rokambi.com\/index.php\/aviso-legal\/","og_site_name":"Rokambi","article_modified_time":"2026-01-24T18:51:21+00:00","og_image":[{"width":400,"height":380,"url":"https:\/\/www.rokambi.com\/wp-content\/uploads\/2026\/01\/Contact-Us.jpg","type":"image\/jpeg"}],"twitter_card":"summary_large_image","twitter_misc":{"Tiempo de lectura":"4 minutos"},"schema":{"@context":"https:\/\/schema.org","@graph":[{"@type":"WebPage","@id":"https:\/\/www.rokambi.com\/index.php\/aviso-legal\/","url":"https:\/\/www.rokambi.com\/index.php\/aviso-legal\/","name":"Aviso Legal - Rokambi","isPartOf":{"@id":"https:\/\/www.rokambi.com\/#website"},"datePublished":"2026-01-24T18:41:24+00:00","dateModified":"2026-01-24T18:51:21+00:00","breadcrumb":{"@id":"https:\/\/www.rokambi.com\/index.php\/aviso-legal\/#breadcrumb"},"inLanguage":"es","potentialAction":[{"@type":"ReadAction","target":["https:\/\/www.rokambi.com\/index.php\/aviso-legal\/"]}]},{"@type":"BreadcrumbList","@id":"https:\/\/www.rokambi.com\/index.php\/aviso-legal\/#breadcrumb","itemListElement":[{"@type":"ListItem","position":1,"name":"Portada","item":"https:\/\/www.rokambi.com\/"},{"@type":"ListItem","position":2,"name":"Aviso Legal"}]},{"@type":"WebSite","@id":"https:\/\/www.rokambi.com\/#website","url":"https:\/\/www.rokambi.com\/","name":"Rokambi","description":"Ayudamos a empresas a ahorrar entre 10 y 15 horas semanales de trabajo automatizando y ordenando todas las tareas repetitivas, sin cambiar la forma de trabajar ni requerir intervenci\u00f3n humana. Menos esfuerzo, m\u00e1s productividad.","publisher":{"@id":"https:\/\/www.rokambi.com\/#organization"},"potentialAction":[{"@type":"SearchAction","target":{"@type":"EntryPoint","urlTemplate":"https:\/\/www.rokambi.com\/?s={search_term_string}"},"query-input":{"@type":"PropertyValueSpecification","valueRequired":true,"valueName":"search_term_string"}}],"inLanguage":"es"},{"@type":"Organization","@id":"https:\/\/www.rokambi.com\/#organization","name":"Rokambi","url":"https:\/\/www.rokambi.com\/","logo":{"@type":"ImageObject","inLanguage":"es","@id":"https:\/\/www.rokambi.com\/#\/schema\/logo\/image\/","url":"https:\/\/www.rokambi.com\/wp-content\/uploads\/2026\/01\/Rokambiletras-e1769267575117.png","contentUrl":"https:\/\/www.rokambi.com\/wp-content\/uploads\/2026\/01\/Rokambiletras-e1769267575117.png","width":960,"height":292,"caption":"Rokambi"},"image":{"@id":"https:\/\/www.rokambi.com\/#\/schema\/logo\/image\/"}}]}},"_links":{"self":[{"href":"https:\/\/www.rokambi.com\/index.php\/wp-json\/wp\/v2\/pages\/237","targetHints":{"allow":["GET"]}}],"collection":[{"href":"https:\/\/www.rokambi.com\/index.php\/wp-json\/wp\/v2\/pages"}],"about":[{"href":"https:\/\/www.rokambi.com\/index.php\/wp-json\/wp\/v2\/types\/page"}],"author":[{"embeddable":true,"href":"https:\/\/www.rokambi.com\/index.php\/wp-json\/wp\/v2\/users\/1"}],"replies":[{"embeddable":true,"href":"https:\/\/www.rokambi.com\/index.php\/wp-json\/wp\/v2\/comments?post=237"}],"version-history":[{"count":4,"href":"https:\/\/www.rokambi.com\/index.php\/wp-json\/wp\/v2\/pages\/237\/revisions"}],"predecessor-version":[{"id":247,"href":"https:\/\/www.rokambi.com\/index.php\/wp-json\/wp\/v2\/pages\/237\/revisions\/247"}],"wp:attachment":[{"href":"https:\/\/www.rokambi.com\/index.php\/wp-json\/wp\/v2\/media?parent=237"}],"curies":[{"name":"wp","href":"https:\/\/api.w.org\/{rel}","templated":true}]}}